{"id":56,"date":"2022-06-14T12:24:15","date_gmt":"2022-06-14T10:24:15","guid":{"rendered":"http:\/\/kesaya.fr\/?page_id=56"},"modified":"2022-09-19T10:22:51","modified_gmt":"2022-09-19T08:22:51","slug":"nos-produits","status":"publish","type":"page","link":"https:\/\/kesaya.fr\/index.php\/nos-produits\/","title":{"rendered":"NOS PRODUITS"},"content":{"rendered":"\t\t<div data-elementor-type=\"wp-page\" data-elementor-id=\"56\" class=\"elementor elementor-56\">\n\t\t\t\t\t\t\t\t\t<section class=\"elementor-section elementor-top-section elementor-element elementor-element-40e5ba24 elementor-section-boxed elementor-section-height-default elementor-section-height-default\" data-id=\"40e5ba24\" data-element_type=\"section\">\n\t\t\t\t\t\t<div class=\"elementor-container elementor-column-gap-default\">\n\t\t\t\t\t<div class=\"elementor-column elementor-col-100 elementor-top-column elementor-element elementor-element-5b546427\" data-id=\"5b546427\" data-element_type=\"column\">\n\t\t\t<div class=\"elementor-widget-wrap elementor-element-populated\">\n\t\t\t\t\t\t\t\t<div class=\"elementor-element elementor-element-5a7c758a elementor-widget elementor-widget-text-editor\" data-id=\"5a7c758a\" data-element_type=\"widget\" data-widget_type=\"text-editor.default\">\n\t\t\t\t<div class=\"elementor-widget-container\">\n\t\t\t<style>\/*! elementor - v3.6.6 - 08-06-2022 *\/\n.elementor-widget-text-editor.elementor-drop-cap-view-stacked .elementor-drop-cap{background-color:#818a91;color:#fff}.elementor-widget-text-editor.elementor-drop-cap-view-framed .elementor-drop-cap{color:#818a91;border:3px solid;background-color:transparent}.elementor-widget-text-editor:not(.elementor-drop-cap-view-default) .elementor-drop-cap{margin-top:8px}.elementor-widget-text-editor:not(.elementor-drop-cap-view-default) .elementor-drop-cap-letter{width:1em;height:1em}.elementor-widget-text-editor .elementor-drop-cap{float:left;text-align:center;line-height:1;font-size:50px}.elementor-widget-text-editor .elementor-drop-cap-letter{display:inline-block}<\/style>\t\t\t\t<p><span style=\"color: #ffffff;\">NOUS AVONS SELECTIONNE LE MEILLEUR POUR VOS CHEVEUX :<\/span><\/p>\n<p><span style=\"color: #ffffff;\"><!-- wp:paragraph --><\/span><\/p>\n<p><span style=\"color: #ffffff;\"><img loading=\"lazy\" decoding=\"async\" class=\"alignleft wp-image-57 size-medium\" src=\"http:\/\/kesaya.fr\/wp-content\/uploads\/2022\/06\/94523746_recadre-partenaires-300x300.jpg\" alt=\"\" width=\"300\" height=\"300\" srcset=\"https:\/\/kesaya.fr\/wp-content\/uploads\/2022\/06\/94523746_recadre-partenaires-300x300.jpg 300w, https:\/\/kesaya.fr\/wp-content\/uploads\/2022\/06\/94523746_recadre-partenaires-1024x1024.jpg 1024w, https:\/\/kesaya.fr\/wp-content\/uploads\/2022\/06\/94523746_recadre-partenaires-150x150.jpg 150w, https:\/\/kesaya.fr\/wp-content\/uploads\/2022\/06\/94523746_recadre-partenaires-768x768.jpg 768w, https:\/\/kesaya.fr\/wp-content\/uploads\/2022\/06\/94523746_recadre-partenaires.jpg 1190w\" sizes=\"(max-width: 300px) 100vw, 300px\" \/><\/span><\/p>\n<p><span style=\"color: #ffffff;\"><!-- \/wp:paragraph --><!-- wp:paragraph --><\/span><\/p>\n<p><span style=\"color: #ffffff;\">Tout juste d\u00e9barqu\u00e9s des Etats-Unis o\u00f9 ils sont N\u00b0 1, les produits MATRIX ont \u00e9t\u00e9 cr\u00e9\u00e9s par un coiffeur. Faciles \u00e0 travailler, ils donnent un meilleur r\u00e9sultat.<\/span><\/p>\n<p><span style=\"color: #ffffff;\"><!-- \/wp:paragraph --><!-- wp:paragraph --><\/span><\/p>\n<p><span style=\"color: #ffffff;\">\u00ab L\u2019instant 2 phases \u00bb: Notre chouchou!<\/span><br \/><span style=\"color: #ffffff;\">Il bouleversera votre quotidien. Soin sans rin\u00e7age, il nourrit les cheveux d\u00e8s la 1\u00e8re application et \u00e7a se voit! Il se d\u00e9cline en 2 flacons: pour les cheveux color\u00e9s et m\u00e9ch\u00e9s, pour les cheveux fins et mous.<\/span><\/p>\n<p><span style=\"color: #ffffff;\"><!-- \/wp:paragraph --><!-- wp:paragraph --><\/span><\/p>\n<p><span style=\"color: #ffffff;\">Une gamme compl\u00e8te: Pour hommes et femmes, du shampoing au gel, en passant par les soins, nous saurons vous conseiller selon vos cheveux, vos envies et vos habitude<\/span><\/p>\n<p><!-- \/wp:paragraph --><\/p>\t\t\t\t\t\t<\/div>\n\t\t\t\t<\/div>\n\t\t\t\t\t<\/div>\n\t\t<\/div>\n\t\t\t\t\t\t\t<\/div>\n\t\t<\/section>\n\t\t\t\t\t\t\t<\/div>\n\t\t","protected":false},"excerpt":{"rendered":"<p>NOUS AVONS SELECTIONNE LE MEILLEUR POUR VOS CHEVEUX : Tout juste d\u00e9barqu\u00e9s des Etats-Unis o\u00f9 ils sont N\u00b0 1, les produits MATRIX ont \u00e9t\u00e9 cr\u00e9\u00e9s par un coiffeur. Faciles \u00e0 travailler, ils donnent un meilleur r\u00e9sultat. \u00ab L\u2019instant 2 phases \u00bb: Notre chouchou!Il bouleversera votre quotidien. Soin sans rin\u00e7age, il nourrit les cheveux d\u00e8s la [&hellip;]<\/p>\n","protected":false},"author":1,"featured_media":0,"parent":0,"menu_order":0,"comment_status":"closed","ping_status":"closed","template":"","meta":{"footnotes":""},"_links":{"self":[{"href":"https:\/\/kesaya.fr\/index.php\/wp-json\/wp\/v2\/pages\/56"}],"collection":[{"href":"https:\/\/kesaya.fr\/index.php\/wp-json\/wp\/v2\/pages"}],"about":[{"href":"https:\/\/kesaya.fr\/index.php\/wp-json\/wp\/v2\/types\/page"}],"author":[{"embeddable":true,"href":"https:\/\/kesaya.fr\/index.php\/wp-json\/wp\/v2\/users\/1"}],"replies":[{"embeddable":true,"href":"https:\/\/kesaya.fr\/index.php\/wp-json\/wp\/v2\/comments?post=56"}],"version-history":[{"count":13,"href":"https:\/\/kesaya.fr\/index.php\/wp-json\/wp\/v2\/pages\/56\/revisions"}],"predecessor-version":[{"id":143,"href":"https:\/\/kesaya.fr\/index.php\/wp-json\/wp\/v2\/pages\/56\/revisions\/143"}],"wp:attachment":[{"href":"https:\/\/kesaya.fr\/index.php\/wp-json\/wp\/v2\/media?parent=56"}],"curies":[{"name":"wp","href":"https:\/\/api.w.org\/{rel}","templated":true}]}}