{"id":38,"date":"2022-06-14T12:03:00","date_gmt":"2022-06-14T10:03:00","guid":{"rendered":"http:\/\/kesaya.fr\/?page_id=38"},"modified":"2023-04-23T13:30:01","modified_gmt":"2023-04-23T11:30:01","slug":"accueil","status":"publish","type":"page","link":"https:\/\/kesaya.fr\/","title":{"rendered":"Accueil"},"content":{"rendered":"\t\t<div data-elementor-type=\"wp-page\" data-elementor-id=\"38\" class=\"elementor elementor-38\">\n\t\t\t\t\t\t\t\t\t<section class=\"elementor-section elementor-top-section elementor-element elementor-element-7a26dcd3 elementor-section-full_width elementor-section-height-default elementor-section-height-default\" data-id=\"7a26dcd3\" data-element_type=\"section\" data-settings=\"{&quot;background_background&quot;:&quot;classic&quot;}\">\n\t\t\t\t\t\t<div class=\"elementor-container elementor-column-gap-default\">\n\t\t\t\t\t<div class=\"elementor-column elementor-col-100 elementor-top-column elementor-element elementor-element-7bae9fc8\" data-id=\"7bae9fc8\" data-element_type=\"column\">\n\t\t\t<div class=\"elementor-widget-wrap elementor-element-populated\">\n\t\t\t\t\t\t\t\t<div class=\"elementor-element elementor-element-5bba7c7b elementor-widget elementor-widget-text-editor\" data-id=\"5bba7c7b\" data-element_type=\"widget\" data-widget_type=\"text-editor.default\">\n\t\t\t\t<div class=\"elementor-widget-container\">\n\t\t\t<style>\/*! elementor - v3.6.6 - 08-06-2022 *\/\n.elementor-widget-text-editor.elementor-drop-cap-view-stacked .elementor-drop-cap{background-color:#818a91;color:#fff}.elementor-widget-text-editor.elementor-drop-cap-view-framed .elementor-drop-cap{color:#818a91;border:3px solid;background-color:transparent}.elementor-widget-text-editor:not(.elementor-drop-cap-view-default) .elementor-drop-cap{margin-top:8px}.elementor-widget-text-editor:not(.elementor-drop-cap-view-default) .elementor-drop-cap-letter{width:1em;height:1em}.elementor-widget-text-editor .elementor-drop-cap{float:left;text-align:center;line-height:1;font-size:50px}.elementor-widget-text-editor .elementor-drop-cap-letter{display:inline-block}<\/style>\t\t\t\t<p><!-- wp:paragraph {\"align\":\"center\",\"fontSize\":\"normal\"} --><\/p>\n<h3 class=\"has-text-align-center has-normal-font-size\" style=\"text-align: center;\"><span style=\"color: #ffffff;\">K\u00e9s\u00e2ya : Du Sanscrit signifie \u00ab couleur ocre \u00bb. Il s\u2019agit de l\u2019habit hautement symbolique du moine Bouddhiste.<\/span><\/h3>\n\n<p style=\"text-align=center;\"><h3 class=\"has-text-align-center\" style=\"color: #ffffff; align:center;\">Nouveau !\u00a0Le salon a d\u00e9m\u00e9nag\u00e9. <br>Contactez-moi au 07 83 41 87 42<\/h3><\/p>\n<p><img loading=\"lazy\" decoding=\"async\" class=\"aligncenter size-full wp-image-189\" src=\"http:\/\/kesaya.fr\/wp-content\/uploads\/2022\/09\/salon.jpg\" alt=\"\" width=\"1352\" height=\"761\" srcset=\"https:\/\/kesaya.fr\/wp-content\/uploads\/2022\/09\/salon.jpg 1352w, https:\/\/kesaya.fr\/wp-content\/uploads\/2022\/09\/salon-300x169.jpg 300w, https:\/\/kesaya.fr\/wp-content\/uploads\/2022\/09\/salon-1024x576.jpg 1024w, https:\/\/kesaya.fr\/wp-content\/uploads\/2022\/09\/salon-768x432.jpg 768w\" sizes=\"(max-width: 1352px) 100vw, 1352px\" \/><\/p>\n<p class=\"has-text-align-center has-normal-font-size\">\u00a0<\/p>\n<p><!-- \/wp:paragraph --><\/p>\n<p><!-- wp:paragraph --><\/p>\n<p><!-- \/wp:paragraph --><\/p>\t\t\t\t\t\t<\/div>\n\t\t\t\t<\/div>\n\t\t\t\t\t<\/div>\n\t\t<\/div>\n\t\t\t\t\t\t\t<\/div>\n\t\t<\/section>\n\t\t\t\t\t\t\t<\/div>\n\t\t","protected":false},"excerpt":{"rendered":"<p>K\u00e9s\u00e2ya : Du Sanscrit signifie \u00ab couleur ocre \u00bb. Il s\u2019agit de l\u2019habit hautement symbolique du moine Bouddhiste. Nouveau !\u00a0Le salon a d\u00e9m\u00e9nag\u00e9. Contactez-moi au 07 83 41 87 42 \u00a0<\/p>\n","protected":false},"author":1,"featured_media":6,"parent":0,"menu_order":0,"comment_status":"closed","ping_status":"closed","template":"","meta":{"footnotes":""},"_links":{"self":[{"href":"https:\/\/kesaya.fr\/index.php\/wp-json\/wp\/v2\/pages\/38"}],"collection":[{"href":"https:\/\/kesaya.fr\/index.php\/wp-json\/wp\/v2\/pages"}],"about":[{"href":"https:\/\/kesaya.fr\/index.php\/wp-json\/wp\/v2\/types\/page"}],"author":[{"embeddable":true,"href":"https:\/\/kesaya.fr\/index.php\/wp-json\/wp\/v2\/users\/1"}],"replies":[{"embeddable":true,"href":"https:\/\/kesaya.fr\/index.php\/wp-json\/wp\/v2\/comments?post=38"}],"version-history":[{"count":54,"href":"https:\/\/kesaya.fr\/index.php\/wp-json\/wp\/v2\/pages\/38\/revisions"}],"predecessor-version":[{"id":254,"href":"https:\/\/kesaya.fr\/index.php\/wp-json\/wp\/v2\/pages\/38\/revisions\/254"}],"wp:featuredmedia":[{"embeddable":true,"href":"https:\/\/kesaya.fr\/index.php\/wp-json\/wp\/v2\/media\/6"}],"wp:attachment":[{"href":"https:\/\/kesaya.fr\/index.php\/wp-json\/wp\/v2\/media?parent=38"}],"curies":[{"name":"wp","href":"https:\/\/api.w.org\/{rel}","templated":true}]}}