{"id":26,"date":"2022-06-14T11:53:04","date_gmt":"2022-06-14T09:53:04","guid":{"rendered":"http:\/\/kesaya.fr\/?page_id=26"},"modified":"2022-09-19T13:25:06","modified_gmt":"2022-09-19T11:25:06","slug":"notre-salon","status":"publish","type":"page","link":"https:\/\/kesaya.fr\/index.php\/notre-salon\/","title":{"rendered":"NOTRE SALON"},"content":{"rendered":"\t\t<div data-elementor-type=\"wp-page\" data-elementor-id=\"26\" class=\"elementor elementor-26\">\n\t\t\t\t\t\t\t\t\t<section class=\"elementor-section elementor-top-section elementor-element elementor-element-8a97612 elementor-section-boxed elementor-section-height-default elementor-section-height-default\" data-id=\"8a97612\" data-element_type=\"section\">\n\t\t\t\t\t\t<div class=\"elementor-container elementor-column-gap-default\">\n\t\t\t\t\t<div class=\"elementor-column elementor-col-50 elementor-top-column elementor-element elementor-element-e8ea8a7\" data-id=\"e8ea8a7\" data-element_type=\"column\">\n\t\t\t<div class=\"elementor-widget-wrap elementor-element-populated\">\n\t\t\t\t\t\t\t\t<div class=\"elementor-element elementor-element-a98f895 elementor-widget elementor-widget-image\" data-id=\"a98f895\" data-element_type=\"widget\" data-widget_type=\"image.default\">\n\t\t\t\t<div class=\"elementor-widget-container\">\n\t\t\t<style>\/*! elementor - v3.6.6 - 08-06-2022 *\/\n.elementor-widget-image{text-align:center}.elementor-widget-image a{display:inline-block}.elementor-widget-image a img[src$=\".svg\"]{width:48px}.elementor-widget-image img{vertical-align:middle;display:inline-block}<\/style>\t\t\t\t\t\t\t\t\t\t\t\t<img loading=\"lazy\" decoding=\"async\" width=\"768\" height=\"1024\" src=\"https:\/\/kesaya.fr\/wp-content\/uploads\/2022\/09\/kesaya_zen-768x1024.jpg\" class=\"attachment-large size-large\" alt=\"\" srcset=\"https:\/\/kesaya.fr\/wp-content\/uploads\/2022\/09\/kesaya_zen-768x1024.jpg 768w, https:\/\/kesaya.fr\/wp-content\/uploads\/2022\/09\/kesaya_zen-225x300.jpg 225w, https:\/\/kesaya.fr\/wp-content\/uploads\/2022\/09\/kesaya_zen-1152x1536.jpg 1152w, https:\/\/kesaya.fr\/wp-content\/uploads\/2022\/09\/kesaya_zen-1536x2048.jpg 1536w, https:\/\/kesaya.fr\/wp-content\/uploads\/2022\/09\/kesaya_zen-scaled.jpg 1920w\" sizes=\"(max-width: 768px) 100vw, 768px\" \/>\t\t\t\t\t\t\t\t\t\t\t\t\t\t\t<\/div>\n\t\t\t\t<\/div>\n\t\t\t\t\t<\/div>\n\t\t<\/div>\n\t\t\t\t<div class=\"elementor-column elementor-col-50 elementor-top-column elementor-element elementor-element-b1765da\" data-id=\"b1765da\" data-element_type=\"column\">\n\t\t\t<div class=\"elementor-widget-wrap elementor-element-populated\">\n\t\t\t\t\t\t\t\t<div class=\"elementor-element elementor-element-1915bc9 elementor-widget elementor-widget-text-editor\" data-id=\"1915bc9\" data-element_type=\"widget\" data-widget_type=\"text-editor.default\">\n\t\t\t\t<div class=\"elementor-widget-container\">\n\t\t\t<style>\/*! elementor - v3.6.6 - 08-06-2022 *\/\n.elementor-widget-text-editor.elementor-drop-cap-view-stacked .elementor-drop-cap{background-color:#818a91;color:#fff}.elementor-widget-text-editor.elementor-drop-cap-view-framed .elementor-drop-cap{color:#818a91;border:3px solid;background-color:transparent}.elementor-widget-text-editor:not(.elementor-drop-cap-view-default) .elementor-drop-cap{margin-top:8px}.elementor-widget-text-editor:not(.elementor-drop-cap-view-default) .elementor-drop-cap-letter{width:1em;height:1em}.elementor-widget-text-editor .elementor-drop-cap{float:left;text-align:center;line-height:1;font-size:50px}.elementor-widget-text-editor .elementor-drop-cap-letter{display:inline-block}<\/style>\t\t\t\t<p class=\"has-text-align-center has-normal-font-size\" style=\"font-size: 16px;\"><span style=\"font-family: -apple-system, BlinkMacSystemFont, 'Segoe UI', Roboto, Oxygen-Sans, Ubuntu, Cantarell, 'Helvetica Neue', sans-serif; color: #ffffff;\">Couleurs, mobilier en bois exotique, bougies, huiles essentielles, musique\u2026<\/span><\/p><p class=\"has-text-align-center has-normal-font-size\" style=\"font-size: 16px;\">\u00a0<\/p><p style=\"text-align: center;\"><span style=\"color: #ffffff;\">Dans cet espace de d\u00e9tente, un seul mot d\u2019ordre: l\u2019\u00e9coute. Dans notre m\u00e9tier, le dialogue est fondamental. Il constitue la base de votre satisfaction. Form\u00e9es r\u00e9guli\u00e8rement aux nouvelles tendances et techniques, nous vous proposons ainsides prestations adapt\u00e9es \u00e0 votre cheveux<\/span><\/p><p style=\"text-align: center;\"><span style=\"color: #ffffff;\">\u00a0<\/span><\/p>\t\t\t\t\t\t<\/div>\n\t\t\t\t<\/div>\n\t\t\t\t\t<\/div>\n\t\t<\/div>\n\t\t\t\t\t\t\t<\/div>\n\t\t<\/section>\n\t\t\t\t\t\t\t<\/div>\n\t\t","protected":false},"excerpt":{"rendered":"<p>Couleurs, mobilier en bois exotique, bougies, huiles essentielles, musique\u2026 \u00a0 Dans cet espace de d\u00e9tente, un seul mot d\u2019ordre: l\u2019\u00e9coute. Dans notre m\u00e9tier, le dialogue est fondamental. Il constitue la base de votre satisfaction. Form\u00e9es r\u00e9guli\u00e8rement aux nouvelles tendances et techniques, nous vous proposons ainsides prestations adapt\u00e9es \u00e0 votre cheveux \u00a0<\/p>\n","protected":false},"author":1,"featured_media":0,"parent":0,"menu_order":0,"comment_status":"closed","ping_status":"closed","template":"","meta":{"footnotes":""},"_links":{"self":[{"href":"https:\/\/kesaya.fr\/index.php\/wp-json\/wp\/v2\/pages\/26"}],"collection":[{"href":"https:\/\/kesaya.fr\/index.php\/wp-json\/wp\/v2\/pages"}],"about":[{"href":"https:\/\/kesaya.fr\/index.php\/wp-json\/wp\/v2\/types\/page"}],"author":[{"embeddable":true,"href":"https:\/\/kesaya.fr\/index.php\/wp-json\/wp\/v2\/users\/1"}],"replies":[{"embeddable":true,"href":"https:\/\/kesaya.fr\/index.php\/wp-json\/wp\/v2\/comments?post=26"}],"version-history":[{"count":36,"href":"https:\/\/kesaya.fr\/index.php\/wp-json\/wp\/v2\/pages\/26\/revisions"}],"predecessor-version":[{"id":214,"href":"https:\/\/kesaya.fr\/index.php\/wp-json\/wp\/v2\/pages\/26\/revisions\/214"}],"wp:attachment":[{"href":"https:\/\/kesaya.fr\/index.php\/wp-json\/wp\/v2\/media?parent=26"}],"curies":[{"name":"wp","href":"https:\/\/api.w.org\/{rel}","templated":true}]}}